{"id":106,"date":"2015-03-10T11:29:55","date_gmt":"2015-03-10T11:29:55","guid":{"rendered":"https:\/\/daley.ch\/ereignis\/traiteur\/"},"modified":"2024-02-27T14:07:18","modified_gmt":"2024-02-27T14:07:18","slug":"gastronom","status":"publish","type":"page","link":"https:\/\/daley.ch\/de\/ereignis\/gastronom\/","title":{"rendered":"Caterer, mit denen die Domaine du Daley exklusiv zusammenarbeitet"},"content":{"rendered":"<div class=\"table-responsive\">\n<table class=\"table\">\n<tbody>\n<tr>\n<td style=\"padding-bottom: 10px;\">\n<h4><strong>Essen \u2013 Stehdinner<\/strong><\/h4>\n<\/td>\n<\/tr>\n<tr>\n<td>\n<p style=\"text-align: left;\">Ab CHF 70,00 pro Pers.*<\/p>\n<\/td>\n<td>\n<p style=\"text-align: left;\">La table de ma m\u00e8re<\/p>\n<\/td>\n<td>\n<p style=\"text-align: left;\">076 585 88 04<\/p>\n<\/td>\n<td>\n<p style=\"text-align: left;\"><a href=\"mailto:x.taffonneau@gmail.com\" target=\"_blank\" rel=\"noopener noreferrer\">x.taffonneau@gmail.com<\/a><\/p>\n<\/td>\n<\/tr>\n<tr>\n<td>\n<p style=\"text-align: left;\">Ab CHF 75,00 pro Pers.*<\/p>\n<\/td>\n<td>\n<p style=\"text-align: left;\">Caf\u00e9 de la Gare, Cully<\/p>\n<\/td>\n<td>\n<p style=\"text-align: left;\">021 799 21 24<\/p>\n<\/td>\n<td>\n<p style=\"text-align: left;\"><a href=\"http:\/\/www.lagarecully.ch\" target=\"_blank\" rel=\"noopener noreferrer\">www.lagarecully.ch<\/a><\/p>\n<\/td>\n<\/tr>\n<tr>\n<td>\n<p style=\"text-align: left;\">Ab CHF 90,00 pro Pers.*<\/p>\n<\/td>\n<td>\n<p style=\"text-align: left;\">Manuel, Crissier<\/p>\n<\/td>\n<td>\n<p style=\"text-align: left;\">021 637 60 60<\/p>\n<\/td>\n<td>\n<p style=\"text-align: left;\"><a href=\"http:\/\/www.lagriffemanuel.ch\" target=\"_blank\" rel=\"noopener noreferrer\">www.lagriffemanuel.ch<\/a><\/p>\n<\/td>\n<\/tr>\n<tr>\n<td>\n<p style=\"text-align: left;\">Ab CHF 100,00 pro Pers.*<\/p>\n<\/td>\n<td>\n<p style=\"text-align: left;\">ParisZurich, Lausanne<\/p>\n<\/td>\n<td>\n<p style=\"text-align: left;\">021 691 53 89<\/p>\n<\/td>\n<td>\n<p style=\"text-align: left;\"><a href=\"http:\/\/www.pariszurich.ch\" target=\"_blank\" rel=\"noopener noreferrer\">www.pariszurich.ch<\/a><\/p>\n<\/td>\n<\/tr>\n<tr>\n<td>\n<p style=\"text-align: left;\">Ab CHF 130,00 pro Pers.*<\/p>\n<\/td>\n<td>\n<p style=\"text-align: left;\">Ordanais, Lausanne<\/p>\n<\/td>\n<td>\n<p style=\"text-align: left;\">021 652 30 74<\/p>\n<\/td>\n<td>\n<p style=\"text-align: left;\"><a href=\"https:\/\/www.ordanais.ch\/\" target=\"_blank\" rel=\"noopener noreferrer\">www.ordanais.ch<\/a><\/p>\n<\/td>\n<\/tr>\n<tr>\n<td>\n<p style=\"text-align: left;\">Ab CHF 200,00 pro Pers.*<\/p>\n<\/td>\n<td>\n<p style=\"text-align: left;\">RSH, Crissier<\/p>\n<\/td>\n<td>\n<p style=\"text-align: left;\">021 635 29 80<\/p>\n<\/td>\n<td>\n<p style=\"text-align: left;\"><a href=\"http:\/\/www.rsh-sa.com\" target=\"_blank\" rel=\"noopener noreferrer\">www.rsh-sa.com<\/a><\/p>\n<\/td>\n<\/tr>\n<\/tbody>\n<\/table>\n<p><em>* Richtpreis pro Person, inklusive Vorspeise, Hauptgericht und Dessert, Service, Glasur und Besteck<\/em><\/p>\n<hr>\n<table class=\"table\">\n<tbody>\n<tr>\n<td style=\"padding-bottom: 10px;\">\n<h4><strong>Ap\u00e9ritifs \/ Cocktails<\/strong><\/h4>\n<\/td>\n<\/tr>\n<tr>\n<td>\n<p style=\"text-align: left;\">Messidor \u00e0 Lutry<\/p>\n<\/td>\n<td>\n<p style=\"text-align: left;\">021 791 08 97<\/p>\n<\/td>\n<td>\n<p style=\"text-align: left;\"><a href=\"http:\/\/www.messidor.ch\/\" target=\"_blank\" rel=\"noopener noreferrer\">www.messidor.ch<\/a><\/p>\n<\/td>\n<\/tr>\n<tr>\n<td>\n<p style=\"text-align: left;\">La table de ma m\u00e8re<\/p>\n<\/td>\n<td>\n<p style=\"text-align: left;\">076 585 88 04<\/p>\n<\/td>\n<td>\n<p style=\"text-align: left;\"><a href=\"mailto:x.taffonneau@gmail.com\" target=\"_blank\" rel=\"noopener noreferrer\">x.taffonneau@gmail.com<\/a><\/p>\n<\/td>\n<\/tr>\n<\/tbody>\n<\/table>\n<\/div>\n<hr>\n<p>Der Caterer liefert: Tischdecken, Teller, Besteck, Gl\u00e4ser, Servicepersonal. Er kann das B\u00fcro als Lager benutzen.<\/p>\n<p>Eventuelle Besch\u00e4digungen werden Ihnen in Rechnung gestellt. Der Raum muss anschliessend in einem guten Zustand<br \/>\n\u00fcbergeben werden, der dem Zustand entspricht, in dem Sie ihn \u00fcbernommen haben, andernfalls werden Ihnen zus\u00e4tzliche<br \/>\nReinigungskosten in H\u00f6he von CHF 35,00\/Std. in Rechnung gestellt.Verboten sind: Konfetti, Feuerwerk, DJ und laute Musik<br \/>\nzum Tanzen, Pyrotechnik.<\/p>\n<p>Servicepersonal: CHF 35,00\/Std. zus\u00e4tzlich falls gew\u00fcnscht. Obligatorisch, wenn nicht vom Caterer versichert.<\/p>\n<p><strong>M\u00fcllgeb\u00fchr:<\/strong>&nbsp;CHF 6,00\/110-l-Beutel<\/p>\n<p><strong>Animationen:<\/strong>&nbsp;Mit R\u00fccksichtnahme auf die Mieter der Domaine wird als musikalische Animation<br \/>\nHintergrundmusik bis 00:00 Uhr toleriert. Die Miete umfasst die Dekoration des Raumes und das Eindecken der Tische, die<br \/>\nGl\u00e4ser sowie den Empfang auf der Domaine und auf Wunsch die Besichtigung des Weinkellers. Es stehen bis zu 40 Parkpl\u00e4tze<br \/>\nzur Verf\u00fcgung. Bitte f\u00fcllen Sie bei einer best\u00e4tigten Reservierung das beiliegende Formular aus und senden es an uns<br \/>\nzur\u00fcck.<\/p>\n","protected":false},"excerpt":{"rendered":"<p>Essen \u2013 Stehdinner Ab CHF 70,00 pro Pers.* La table de ma m\u00e8re 076 585 88 04 x.taffonneau@gmail.com Ab CHF 75,00 pro Pers.* Caf\u00e9 de la Gare, Cully 021 799 21 24 www.lagarecully.ch Ab CHF 90,00 pro Pers.* Manuel, Crissier 021 637 60 60 www.lagriffemanuel.ch Ab CHF 100,00 pro Pers.* ParisZurich, Lausanne 021 691 53&hellip;&nbsp;<a href=\"https:\/\/daley.ch\/de\/ereignis\/gastronom\/\">Continue reading<\/a><\/p>\n","protected":false},"author":1,"featured_media":59,"parent":91,"menu_order":69,"comment_status":"open","ping_status":"open","template":"","meta":{"_acf_changed":false,"footnotes":""},"class_list":["post-106","page","type-page","status-publish","has-post-thumbnail","hentry"],"acf":[],"_links":{"self":[{"href":"https:\/\/daley.ch\/de\/wp-json\/wp\/v2\/pages\/106","targetHints":{"allow":["GET"]}}],"collection":[{"href":"https:\/\/daley.ch\/de\/wp-json\/wp\/v2\/pages"}],"about":[{"href":"https:\/\/daley.ch\/de\/wp-json\/wp\/v2\/types\/page"}],"author":[{"embeddable":true,"href":"https:\/\/daley.ch\/de\/wp-json\/wp\/v2\/users\/1"}],"replies":[{"embeddable":true,"href":"https:\/\/daley.ch\/de\/wp-json\/wp\/v2\/comments?post=106"}],"version-history":[{"count":25,"href":"https:\/\/daley.ch\/de\/wp-json\/wp\/v2\/pages\/106\/revisions"}],"predecessor-version":[{"id":2670,"href":"https:\/\/daley.ch\/de\/wp-json\/wp\/v2\/pages\/106\/revisions\/2670"}],"up":[{"embeddable":true,"href":"https:\/\/daley.ch\/de\/wp-json\/wp\/v2\/pages\/91"}],"wp:featuredmedia":[{"embeddable":true,"href":"https:\/\/daley.ch\/de\/wp-json\/wp\/v2\/media\/59"}],"wp:attachment":[{"href":"https:\/\/daley.ch\/de\/wp-json\/wp\/v2\/media?parent=106"}],"curies":[{"name":"wp","href":"https:\/\/api.w.org\/{rel}","templated":true}]}}