{"id":112,"date":"2015-03-10T11:32:58","date_gmt":"2015-03-10T11:32:58","guid":{"rendered":"https:\/\/daley.ch\/ereignis\/visite-et-degustations\/"},"modified":"2025-05-13T09:19:05","modified_gmt":"2025-05-13T09:19:05","slug":"weindegustationen","status":"publish","type":"page","link":"https:\/\/daley.ch\/de\/ereignis\/weindegustationen\/","title":{"rendered":"Weinprobe mit Besichtigung des Weinkellers"},"content":{"rendered":"<p style=\"text-align: center;\">Besichtigung der Weinkeller mit Erl\u00e4uterungen zum Vinifizierungsprozess, Verkostung im Salle des Vignorons oder auf der Terrasse\u2026<\/p>\n<p style=\"text-align: center;\"><strong>Auf Reservierung \/ Dauer 1h bis 1h45<\/strong><\/p>\n<p style=\"text-align: center;\"><strong>\u00d6ffnungszeiten: <\/strong><\/p>\n<p class=\"p1\" style=\"text-align: center;\">Montag bis Samstag 9h30 \u2013 19h<\/p>\n<p class=\"p1\" style=\"text-align: center;\">Sonntag f\u00fcr Gruppen auf Anfrage.<\/p>\n<p class=\"p1\" style=\"text-align: center;\">J\u00e4hrliche Schlie\u00dfung vom 22. Dezember bis 2. Februar.<\/p>\n<table class=\" aligncenter\" width=\"700\">\n<tbody>\n<tr>\n<td style=\"padding-bottom: 10px;\">\n<h4>Pauschalpreis Sortiment Tradition<\/h4>\n<p>\u00d6ffentlicher Tarif<\/td>\n<td>\n<p style=\"text-align: right;\">Preis pro Person<\/p>\n<\/td>\n<\/tr>\n<tr>\n<td>\n<p style=\"text-align: left;\">3&nbsp;Weine mit Geb\u00e4ckstangen<\/p>\n<\/td>\n<td>\n<p style=\"text-align: right;\">CHF 20,00<\/p>\n<\/td>\n<\/tr>\n<tr>\n<td>\n<p style=\"text-align: left;\">\n<\/td>\n<td>\n<p style=\"text-align: right;\">\n<\/td>\n<\/tr>\n<\/tbody>\n<\/table>\n<table class=\" aligncenter\" width=\"700\">\n<tbody>\n<tr>\n<td style=\"padding-bottom: 10px;\">\n<h4>Pauschalpreis Sortiment Grande R\u00e9serve<\/h4>\n<p>Verkostung unserer besten Weine<\/td>\n<td>\n<p style=\"text-align: right;\">Preis pro Person<\/p>\n<\/td>\n<\/tr>\n<tr>\n<td>\n<p style=\"text-align: left;\">3&nbsp;Weine mit Geb\u00e4ckstangen<\/p>\n<\/td>\n<td>\n<p style=\"text-align: right;\">CHF 28,00<\/p>\n<\/td>\n<\/tr>\n<tr>\n<td>\n<p style=\"text-align: left;\">4&nbsp;Weine mit Geb\u00e4ckstangen<\/p>\n<\/td>\n<td>\n<p style=\"text-align: right;\">CHF 34,00<\/p>\n<\/td>\n<\/tr>\n<tr>\n<td>\n<p style=\"text-align: left;\">5&nbsp;Weine mit Geb\u00e4ckstangen<\/p>\n<\/td>\n<td>\n<p style=\"text-align: right;\">CHF 40,00<\/p>\n<\/td>\n<\/tr>\n<\/tbody>\n<\/table>\n<table class=\" aligncenter\" width=\"700\">\n<tbody>\n<tr>\n<td style=\"padding-bottom: 10px;\">\n<h4 style=\"text-align: left;\">Accompaniments<\/h4>\n<\/td>\n<td>\n<p style=\"text-align: right;\">Preis pro Person<\/p>\n<\/td>\n<\/tr>\n<tr>\n<td>\n<p style=\"text-align: left;\">Kaltes Fleisch, Rohschinken und K\u00e4se<\/p>\n<\/td>\n<td>\n<p style=\"text-align: right;\">CHF 15,00<\/p>\n<\/td>\n<\/tr>\n<tr>\n<td>\n<p style=\"text-align: left;\">Wir haben verschiedene Aperitif-Cocktail-Formeln, um Ihre Verkostungen ab 8 Personen zu begleiten.<\/p>\n<\/td>\n<td>\n<p style=\"text-align: right;\">24.- to 45.- CHF<\/p>\n<\/td>\n<\/tr>\n<tr>\n<td>\n<p style=\"text-align: left;\"><a href=\"https:\/\/daley.ch\/wp-content\/uploads\/2025\/03\/cocktail-1.pdf\" target=\"_blank\" rel=\"noopener noreferrer\">Cocktail-Men\u00fc 1<\/a><\/p>\n<\/td>\n<td>\n<p style=\"text-align: right;\">CHF 24.-<\/p>\n<\/td>\n<\/tr>\n<tr>\n<td>\n<p style=\"text-align: left;\"><a href=\"https:\/\/daley.ch\/wp-content\/uploads\/2025\/03\/cocktail-2.pdf\" target=\"_blank\" rel=\"noopener noreferrer\">Cocktail-Men\u00fc 2<\/a><\/p>\n<\/td>\n<td>\n<p style=\"text-align: right;\">CHF 34.-<\/p>\n<\/td>\n<\/tr>\n<tr>\n<td>\n<p style=\"text-align: left;\"><a href=\"https:\/\/daley.ch\/wp-content\/uploads\/2025\/03\/cocktail-3.pdf\" target=\"_blank\" rel=\"noopener noreferrer\">Cocktail-Men\u00fc 3<\/a><\/p>\n<\/td>\n<td>\n<p style=\"text-align: right;\">CHF 45.-<\/p>\n<\/td>\n<\/tr>\n<\/tbody>\n<\/table>\n<p style=\"text-align: center;\">Mindest Abrechnung nach 4 Personen. \/ Preis f\u00fcr Gruppen ab 15 Personen.<\/p>\n<p style=\"text-align: center;\">\n<p><!--\n\n\n<p style=\"text-align: center;\">Sie k\u00f6nnen die gekauften Flaschen auch vor Ort auf unserer an den Shop angrenzenden Terrasse konsumieren.&nbsp;Von April bis September von Dienstag bis Samstag nur bei sch\u00f6nem Wetter ge\u00f6ffnet.<\/p>\n\n\n\n\n<p style=\"text-align: center;\"><strong>Tirer au guillon<\/strong>&nbsp;(Ausschank direkt aus dem Fass) und gef\u00fchrte Besichtigung des Weinkellers: CHF 5,00\/Pers.&nbsp;<em>(M\u00e4rz bis August)<\/em><\/p>\n\n\n\n--><\/p>\n","protected":false},"excerpt":{"rendered":"<p>Besichtigung der Weinkeller mit Erl\u00e4uterungen zum Vinifizierungsprozess, Verkostung im Salle des Vignorons oder auf der Terrasse\u2026 Auf Reservierung \/ Dauer 1h bis 1h45 \u00d6ffnungszeiten: Montag bis Samstag 9h30 \u2013 19h Sonntag f\u00fcr Gruppen auf Anfrage. J\u00e4hrliche Schlie\u00dfung vom 22. Dezember bis 2. Februar. Pauschalpreis Sortiment Tradition \u00d6ffentlicher Tarif Preis pro Person 3&nbsp;Weine mit Geb\u00e4ckstangen CHF&hellip;&nbsp;<a href=\"https:\/\/daley.ch\/de\/ereignis\/weindegustationen\/\">Continue reading<\/a><\/p>\n","protected":false},"author":1,"featured_media":1282,"parent":91,"menu_order":70,"comment_status":"open","ping_status":"closed","template":"","meta":{"_acf_changed":false,"footnotes":""},"class_list":["post-112","page","type-page","status-publish","has-post-thumbnail","hentry"],"acf":[],"_links":{"self":[{"href":"https:\/\/daley.ch\/de\/wp-json\/wp\/v2\/pages\/112","targetHints":{"allow":["GET"]}}],"collection":[{"href":"https:\/\/daley.ch\/de\/wp-json\/wp\/v2\/pages"}],"about":[{"href":"https:\/\/daley.ch\/de\/wp-json\/wp\/v2\/types\/page"}],"author":[{"embeddable":true,"href":"https:\/\/daley.ch\/de\/wp-json\/wp\/v2\/users\/1"}],"replies":[{"embeddable":true,"href":"https:\/\/daley.ch\/de\/wp-json\/wp\/v2\/comments?post=112"}],"version-history":[{"count":23,"href":"https:\/\/daley.ch\/de\/wp-json\/wp\/v2\/pages\/112\/revisions"}],"predecessor-version":[{"id":2776,"href":"https:\/\/daley.ch\/de\/wp-json\/wp\/v2\/pages\/112\/revisions\/2776"}],"up":[{"embeddable":true,"href":"https:\/\/daley.ch\/de\/wp-json\/wp\/v2\/pages\/91"}],"wp:featuredmedia":[{"embeddable":true,"href":"https:\/\/daley.ch\/de\/wp-json\/wp\/v2\/media\/1282"}],"wp:attachment":[{"href":"https:\/\/daley.ch\/de\/wp-json\/wp\/v2\/media?parent=112"}],"curies":[{"name":"wp","href":"https:\/\/api.w.org\/{rel}","templated":true}]}}