{"id":169,"date":"2015-03-10T11:46:17","date_gmt":"2015-03-10T11:46:17","guid":{"rendered":"https:\/\/daley.ch\/contact-2\/"},"modified":"2015-04-29T13:19:15","modified_gmt":"2015-04-29T13:19:15","slug":"contact","status":"publish","type":"page","link":"https:\/\/daley.ch\/de\/contact\/","title":{"rendered":"Kontakt"},"content":{"rendered":"<p style=\"text-align: center;\">Routenplaner:\u00a0<a href=\"http:\/\/fr.viamichelin.ch\/\" target=\"_blank\">viamichelin.ch<\/a><\/p>\n<p><strong>\u00dcber die Autobahn:<\/strong><br \/>\nAusfahrt Lutry.<br \/>\nAnschliessend der Route des Monts in Richtung Grandvaux folgen, 50 m vor der Rastst\u00e4tte in Villette links in Richtung Le Daley abbiegen, unter der Autobahn durchfahren, die erste Strasse links in Richtung Le Daley nehmen und schliesslich dem Chemin des Moines in Richtung der Domaine du Daley hinunter folgen. (Hellgelbes Haus mit gr\u00fcnen Fensterl\u00e4den). Parkplatz 20 m weiter unten.<\/p>\n<p><strong>\u00dcber die Kantonsstrasse:<\/strong><br \/>\nAusfahrt Lutry, Richtung Aran, Grandvaux, 50 m vor Aran links Richtung Le Daley-Montagney abbiegen, dem Chemins des Moines 300 m in Richtung der Domaine du Daley hinauf folgen. (Hellgelbes Haus mit gr\u00fcnen Fensterl\u00e4den). Parkplatz 20 m weiter unten.<\/p>\n<p>Sie k\u00f6nnen die Weine je nach Verf\u00fcgbarkeit per E-Mail und telefonisch bestellen oder sie direkt bei der Domaine beziehen. Wir liefern unsere Weine in die gesamten Schweiz: Bis zu 12 Flaschen zu einem Versandkostenpreis von CHF 12,00, bis zu 24 Flaschen zu CHF 20,00. Ab 30 Flaschen oder einem Kaufpreis von CHF 500,00 liefern wir frei Haus. F\u00fcr Lieferungen an Empf\u00e4nger ausserhalb der Schweiz wenden Sie sich bitte an unsere jeweiligen H\u00e4ndler.<\/p>\n","protected":false},"excerpt":{"rendered":"<p>Routenplaner:\u00a0viamichelin.ch \u00dcber die Autobahn: Ausfahrt Lutry. Anschliessend der Route des Monts in Richtung Grandvaux folgen, 50 m vor der Rastst\u00e4tte in Villette links in Richtung Le Daley abbiegen, unter der Autobahn durchfahren, die erste Strasse links in Richtung Le Daley nehmen und schliesslich dem Chemin des Moines in Richtung der Domaine du Daley hinunter folgen.&hellip;&nbsp;<a href=\"https:\/\/daley.ch\/de\/contact\/\">Continue reading<\/a><\/p>\n","protected":false},"author":1,"featured_media":67,"parent":0,"menu_order":98,"comment_status":"open","ping_status":"closed","template":"page-contact.php","meta":{"_acf_changed":false,"footnotes":""},"class_list":["post-169","page","type-page","status-publish","has-post-thumbnail","hentry"],"acf":[],"_links":{"self":[{"href":"https:\/\/daley.ch\/de\/wp-json\/wp\/v2\/pages\/169","targetHints":{"allow":["GET"]}}],"collection":[{"href":"https:\/\/daley.ch\/de\/wp-json\/wp\/v2\/pages"}],"about":[{"href":"https:\/\/daley.ch\/de\/wp-json\/wp\/v2\/types\/page"}],"author":[{"embeddable":true,"href":"https:\/\/daley.ch\/de\/wp-json\/wp\/v2\/users\/1"}],"replies":[{"embeddable":true,"href":"https:\/\/daley.ch\/de\/wp-json\/wp\/v2\/comments?post=169"}],"version-history":[{"count":6,"href":"https:\/\/daley.ch\/de\/wp-json\/wp\/v2\/pages\/169\/revisions"}],"predecessor-version":[{"id":1268,"href":"https:\/\/daley.ch\/de\/wp-json\/wp\/v2\/pages\/169\/revisions\/1268"}],"wp:featuredmedia":[{"embeddable":true,"href":"https:\/\/daley.ch\/de\/wp-json\/wp\/v2\/media\/67"}],"wp:attachment":[{"href":"https:\/\/daley.ch\/de\/wp-json\/wp\/v2\/media?parent=169"}],"curies":[{"name":"wp","href":"https:\/\/api.w.org\/{rel}","templated":true}]}}