{"id":83,"date":"2015-03-10T09:37:32","date_gmt":"2015-03-10T09:37:32","guid":{"rendered":"https:\/\/daley.ch\/grands-crus-2\/"},"modified":"2025-02-28T15:51:30","modified_gmt":"2025-02-28T15:51:30","slug":"grands-crus","status":"publish","type":"page","link":"https:\/\/daley.ch\/de\/grands-crus\/","title":{"rendered":"Die Grands Crus der Domaine"},"content":{"rendered":"\n<div class=\"wp-block-columns has-2-columns is-layout-flex wp-container-core-columns-is-layout-1 wp-block-columns-is-layout-flex\">\n<div class=\"wp-block-column\"><p>All unsere Weine werden aus Trauben der Domaine produziert, die aus unseren eigenen Weinbergen stammen\u2026<\/p>\n<p>Es werden unterschiedliche Rebsorten wie&nbsp;<strong>Chasselas, Chardonnay, Viognier, Sauvignon Blanc, Pinot Noir, Gamay, Gamaret, Garanoir, Merlot, Cabernet Franc <\/strong>und<strong> Syrah<\/strong>&nbsp;angebaut. \u00dcber 13 Hektar verteilen sich in Lavaux auf 4 Herkunftsbezeichnungen:<strong>Villette, Epesses, St-Saphorin <\/strong>und<strong> Lutry<\/strong>. Zwei weitere Hektar befinden sich in C\u00f4tes de l\u2019Orbe, dort stehen die alten Gamay-Rebst\u00f6cke. Die Weine sind das Ergebnis eines sorgf\u00e4ltigen Anbaus, bei dem die Bodenbearbeitung und die Weinlese von Hand erfolgen, damit Trauben bester Qualit\u00e4t geerntet werden k\u00f6nnen. Jeder der Weine, die alle als \u201eGrand Cru\u201c eingestuft sind, bewahrt seine ganz eigene Charakteristik des Terroirs.<\/p>\n<p>Wir bieten Ihnen zwei Weinsortimente an.<strong> Das Sortiment Tradition<\/strong> besteht aus 10 bis 11 Monate in grossen Holzbottichen (2000 bis 5000 l) ausgebauten Weinen, die sehr edel sind und ein sch\u00f6ne Mineralit\u00e4t aufweisen.<strong>&nbsp;<\/strong><strong>Das Sortiment R\u00e9serve<\/strong> besteht aus 11 bis 22 Monate in Barriquef\u00e4ssern (oder teilweise in Barriquef\u00e4ssern, je nach Wein) ausgebauten Weinen,&nbsp;die komplexere Strukturen entwickeln. Die Rotweine dieses Sortiments sind ungefiltert.\n<\/p><p class=\"p1\"><a style=\"color: #fff;\" class=\"btn default-btn\" href=\"https:\/\/daley.ch\/de\/jahreszahl\/\">Jahreszahl<\/a>&nbsp;<a class=\"btn default-btn\" style=\"color: #fff;\" href=\"https:\/\/daley.ch\/wp-content\/uploads\/2025\/02\/DALEY-Carte-de-commande-Mill.-2023.pdf\" target=\"_blank\" rel=\"noopener noreferrer\">Befehlskarte<\/a><\/p>\n\n<\/div>\n\n\n\n<div class=\"wp-block-column is-layout-flow wp-block-column-is-layout-flow\"><div class=\"wp-block-image\">\n<figure class=\"aligncenter size-full\"><a href=\"https:\/\/daley.ch\/wp-content\/uploads\/2025\/02\/vieux-millesime-scaled.jpg\"><img loading=\"lazy\" decoding=\"async\" width=\"2560\" height=\"1512\" src=\"https:\/\/daley.ch\/wp-content\/uploads\/2025\/02\/vieux-millesime-scaled.jpg\" alt=\"\" class=\"wp-image-2696\" srcset=\"https:\/\/daley.ch\/wp-content\/uploads\/2025\/02\/vieux-millesime-scaled.jpg 2560w, https:\/\/daley.ch\/wp-content\/uploads\/2025\/02\/vieux-millesime-300x177.jpg 300w, https:\/\/daley.ch\/wp-content\/uploads\/2025\/02\/vieux-millesime-1024x605.jpg 1024w, https:\/\/daley.ch\/wp-content\/uploads\/2025\/02\/vieux-millesime-768x454.jpg 768w, https:\/\/daley.ch\/wp-content\/uploads\/2025\/02\/vieux-millesime-1536x907.jpg 1536w, https:\/\/daley.ch\/wp-content\/uploads\/2025\/02\/vieux-millesime-2048x1210.jpg 2048w, https:\/\/daley.ch\/wp-content\/uploads\/2025\/02\/vieux-millesime-70x41.jpg 70w, https:\/\/daley.ch\/wp-content\/uploads\/2025\/02\/vieux-millesime-170x100.jpg 170w\" sizes=\"auto, (max-width: 2560px) 100vw, 2560px\" \/><\/a><\/figure><\/div><\/div>\n<\/div>\n","protected":false},"excerpt":{"rendered":"<p>All unsere Weine werden aus Trauben der Domaine produziert, die aus unseren eigenen Weinbergen stammen\u2026 Es werden unterschiedliche Rebsorten wie&nbsp;Chasselas, Chardonnay, Viognier, Sauvignon Blanc, Pinot Noir, Gamay, Gamaret, Garanoir, Merlot, Cabernet Franc und Syrah&nbsp;angebaut. \u00dcber 13 Hektar verteilen sich in Lavaux auf 4 Herkunftsbezeichnungen:Villette, Epesses, St-Saphorin und Lutry. Zwei weitere Hektar befinden sich in C\u00f4tes&hellip;&nbsp;<a href=\"https:\/\/daley.ch\/de\/grands-crus\/\">Continue reading<\/a><\/p>\n","protected":false},"author":1,"featured_media":1070,"parent":0,"menu_order":55,"comment_status":"open","ping_status":"open","template":"","meta":{"_acf_changed":false,"footnotes":""},"class_list":["post-83","page","type-page","status-publish","has-post-thumbnail","hentry"],"acf":[],"_links":{"self":[{"href":"https:\/\/daley.ch\/de\/wp-json\/wp\/v2\/pages\/83","targetHints":{"allow":["GET"]}}],"collection":[{"href":"https:\/\/daley.ch\/de\/wp-json\/wp\/v2\/pages"}],"about":[{"href":"https:\/\/daley.ch\/de\/wp-json\/wp\/v2\/types\/page"}],"author":[{"embeddable":true,"href":"https:\/\/daley.ch\/de\/wp-json\/wp\/v2\/users\/1"}],"replies":[{"embeddable":true,"href":"https:\/\/daley.ch\/de\/wp-json\/wp\/v2\/comments?post=83"}],"version-history":[{"count":26,"href":"https:\/\/daley.ch\/de\/wp-json\/wp\/v2\/pages\/83\/revisions"}],"predecessor-version":[{"id":2718,"href":"https:\/\/daley.ch\/de\/wp-json\/wp\/v2\/pages\/83\/revisions\/2718"}],"wp:featuredmedia":[{"embeddable":true,"href":"https:\/\/daley.ch\/de\/wp-json\/wp\/v2\/media\/1070"}],"wp:attachment":[{"href":"https:\/\/daley.ch\/de\/wp-json\/wp\/v2\/media?parent=83"}],"curies":[{"name":"wp","href":"https:\/\/api.w.org\/{rel}","templated":true}]}}