{"id":1351,"date":"2015-03-10T11:54:30","date_gmt":"2015-03-10T11:54:30","guid":{"rendered":"https:\/\/daley.ch\/?page_id=1351"},"modified":"2016-03-11T12:31:14","modified_gmt":"2016-03-11T12:31:14","slug":"%e3%83%8b%e3%83%a5%e3%83%bc%e3%82%b9%e3%83%bb%e3%83%ac%e3%82%bf%e3%83%bc","status":"publish","type":"page","link":"https:\/\/daley.ch\/ja\/%e3%83%8b%e3%83%a5%e3%83%bc%e3%82%b9%e3%83%bb%e3%83%ac%e3%82%bf%e3%83%bc\/","title":{"rendered":"\u30cb\u30e5\u30fc\u30b9\u30ec\u30bf\u30fc"},"content":{"rendered":"<p style=\"text-align: center;\">Recevez 3 fois par ann\u00e9e des informations sur les \u00e9v\u00e9nements au Domaine, portes ouvertes, offres speciales&#8230;<\/p>\n","protected":false},"excerpt":{"rendered":"<p>Recevez 3 fois par ann\u00e9e des informations sur les \u00e9v\u00e9nements au Domaine, portes ouvertes, offres speciales&#8230;<\/p>\n","protected":false},"author":1,"featured_media":0,"parent":0,"menu_order":51,"comment_status":"open","ping_status":"open","template":"","meta":{"_acf_changed":false,"footnotes":""},"class_list":["post-1351","page","type-page","status-publish","hentry"],"acf":[],"_links":{"self":[{"href":"https:\/\/daley.ch\/ja\/wp-json\/wp\/v2\/pages\/1351","targetHints":{"allow":["GET"]}}],"collection":[{"href":"https:\/\/daley.ch\/ja\/wp-json\/wp\/v2\/pages"}],"about":[{"href":"https:\/\/daley.ch\/ja\/wp-json\/wp\/v2\/types\/page"}],"author":[{"embeddable":true,"href":"https:\/\/daley.ch\/ja\/wp-json\/wp\/v2\/users\/1"}],"replies":[{"embeddable":true,"href":"https:\/\/daley.ch\/ja\/wp-json\/wp\/v2\/comments?post=1351"}],"version-history":[{"count":4,"href":"https:\/\/daley.ch\/ja\/wp-json\/wp\/v2\/pages\/1351\/revisions"}],"predecessor-version":[{"id":1552,"href":"https:\/\/daley.ch\/ja\/wp-json\/wp\/v2\/pages\/1351\/revisions\/1552"}],"wp:attachment":[{"href":"https:\/\/daley.ch\/ja\/wp-json\/wp\/v2\/media?parent=1351"}],"curies":[{"name":"wp","href":"https:\/\/api.w.org\/{rel}","templated":true}]}}